{"id":764,"date":"2023-11-17T04:30:52","date_gmt":"2023-11-17T04:30:52","guid":{"rendered":"https:\/\/www.emagister.fr\/blog\/?page_id=764"},"modified":"2024-01-05T10:01:20","modified_gmt":"2024-01-05T10:01:20","slug":"nowe-kasyna-w-polsce","status":"publish","type":"page","link":"https:\/\/www.emagister.fr\/blog\/nowe-kasyna-w-polsce\/","title":{"rendered":"Tw\u00f3rcy Gier w Nowych Kasynach w Polsce"},"content":{"rendered":"\n<p>Witajcie w ekscytuj?cym ?wiecie kasyn internetowych w Polsce! Jako osoba, kt\u00f3ra zag??bi?a si? w emocje zwi?zane z grami online, rozumiem, jak istotn? rol? odgrywaj? tw\u00f3rcy gier w kszta?towaniu do?wiadcze? zwi?zanych z grami. W tym artykule zg??bimy umys?y innowacyjnych tw\u00f3rc\u00f3w stoj?cych za grami na nowo powstaj?cej scenie nowych kasyn w Polsce. Od wci?gaj?cej grafiki po nowatorski gameplay, ci kreatorzy rewolucjonizuj? spos\u00f3b, w jaki do?wiadczamy gier online.<\/p>\n<p><img decoding=\"async\" style=\"max-width: 100%; height: auto;\" src=\"https:\/\/www.emagister.fr\/blog\/wp-content\/uploads\/2024\/01\/cube-568190_1280.jpg\" \/><\/p>\n<!-- Spis Tre?ci -->\n<h2>Spis Tre?ci<\/h2>\n<ol>\n<li><a href=\"#section1\">Rosn?cy Krajobraz Kasyn Online w Polsce<\/a><\/li>\n<li><a href=\"#section2\">Kluczowi Gracze na Rynku Producent\u00f3w Gier<\/a><\/li>\n<li><a href=\"#section3\">Innowacje i Trendy w Grach Hazardowych<\/a><\/li>\n<li><a href=\"#section4\">Osobiste Do?wiadczenia i Ulubione Gry<\/a><\/li>\n<li><a href=\"#section5\">Przysz?o?? Hazardu Online w Polsce<\/a><\/li>\n<\/ol>\n<!-- Sekcja 1 -->\n<h2 id=\"section1\">Rosn?cy Krajobraz Nowych Kasyn Online w Polsce<\/h2>\n<p>Polska do?wiadcza wzrostu popularno?ci kasyn internetowych, oferuj?c graczom wygodny i ekscytuj?cy spos\u00f3b na korzystanie z ulubionych gier. Dynamiczny krajobraz nie jest kszta?towany tylko przez tradycyjne oferty kasyn, ale r\u00f3wnie? przez kreatywno?? i do?wiadczenie tw\u00f3rc\u00f3w gier.<\/p>\n<p>Z licznymi nowymi kasynami online wchodz?cymi na polski rynek, gracze maj? do dyspozycji r\u00f3?norodne opcje gier. Te kasyna to nie tylko miejsca do hazardu; s? to centra rozrywki stworzone przez utalentowanych tw\u00f3rc\u00f3w gier.<\/p>\n<!-- Sekcja 2 -->\n<h2 id=\"section2\">Kluczowi Gracze na Rynku Producent\u00f3w Gier<\/h2>\n<p>Za ka?dym fascynuj?cym automatem do gry czy anga?uj?c? gr? planszow? stoi utalentowany zesp\u00f3? tw\u00f3rc\u00f3w gier. W Polsce istniej? kluczowi gracze, kt\u00f3rzy zdobywaj? uznanie w bran?y, dostarczaj?c stale wysokiej jako?ci do?wiadcze? z grami. Firmy takie jak Microgaming i NetEnt sta?y si? synonimem jako?ci i innowacji.<\/p>\n<p>Te firmy nie tylko tworz? gry; kszta?tuj? do?wiadczenia, kt\u00f3re wci?gaj? graczy i sprawiaj?, ?e chc? wraca? po wi?cej. Wsp\u00f3?praca mi?dzy kasynami online a tw\u00f3rcami gier to kluczowy element kszta?tuj?cy przysz?o?? hazardu online w Polsce.<\/p>\n<!-- Sekcja 3 -->\n<h2 id=\"section3\">Innowacje i Trendy w Grach Hazardowych<\/h2>\n<p>?wiat gier hazardowych online jest ci?g?ym procesem ewolucji, a tw\u00f3rcy gier stale przesuwaj? granice, wprowadzaj?c nowe i ekscytuj?ce funkcje. Od zaawansowanej grafiki i animacji po interaktywne rundy bonusowe, innowacje w grach hazardowych s? imponuj?ce.<\/p>\n<p>Jeden z ciekawych trend\u00f3w to integracja technologii rzeczywisto?ci wirtualnej (VR) w gry hazardowe, co pozwala graczom na bardziej immersywne i realistyczne do?wiadczenia. Jako osoba, kt\u00f3ra mia?a okazj? wypr\u00f3bowa? gry w VR, uczucie przeniesienia si? na wirtualne kasyno jest niezr\u00f3wnane.<\/p>\n<!-- Sekcja 4 -->\n<h2 id=\"section4\">Osobiste Do?wiadczenia i Ulubione Gry<\/h2>\n<p>Sp?dzaj?c niezliczone godziny na eksploracji r\u00f3?nych kasyn online, mog? potwierdzi? wp?yw, jaki maj? tw\u00f3rcy gier na og\u00f3lne do?wiadczenia z grami. Jednym z moich ulubionych wspomnie? jest gra w wizualnie imponuj?c? gr? slotow? stworzon? przez Microgaming. Dbano?? o szczeg\u00f3?y i wci?gaj?ca fabu?a utrzymywa?y mnie przy ekranie przez godziny.<\/p>\n<p>To nie tylko o wygrywanie; chodzi o podr\u00f3?, emocje i rado?? z gry dobrze zaprojektowanej. Bez wzgl?du na to, czy to klasyczna atrakcyjno?? gier planszowych, czy nowoczesne uroki automat\u00f3w wideo, wp?yw tw\u00f3rc\u00f3w gier jest widoczny w ka?dym klikni?ciu i obrocie.<\/p>\n<!-- Sekcja 5 -->\n<h2 id=\"section5\">Przysz?o?? Hazardu Online w Polsce<\/h2>\n<p>Patrz?c w przysz?o??, perspektywy hazardu online w Polsce wydaj? si? obiecuj?ce, nap?dzane ci?g?ymi innowacjami tw\u00f3rc\u00f3w gier. W miar? post?pu technologii mo?emy oczekiwa? jeszcze bardziej prze?omowych funkcji i poszerzonej gamy gier, kt\u00f3re zaspokoj? r\u00f3?norodne preferencje graczy.<\/p>\n<p>?cis?a wsp\u00f3?praca mi?dzy kasynami online a tw\u00f3rcami gier odgrywa kluczow? rol? w kszta?towaniu kierunku bran?y. Jako pasjonat odpowiedzialnej gry, wierz?, ?e ta wsp\u00f3?praca zwi?kszy og\u00f3lne do?wiadczenie z gr?, jednocze?nie skupiaj?c si? na dobrostanie graczy.<\/p>\n<p><img decoding=\"async\" style=\"max-width: 100%; height: auto;\" src=\"https:\/\/www.emagister.fr\/blog\/wp-content\/uploads\/2024\/01\/poker-4480279_1280.jpg\" \/><\/p>\n<!-- Zako?czenie -->\n<p>Podsumowuj?c, ?wiat kasyn online w Polsce kwitnie, dzi?ki kreatywnym umys?om tw\u00f3rc\u00f3w gier. Je?li chcesz odkrywa? najnowsze gry i innowacje, polecam zapoznanie si? z ofert? na RankingCasino, aby dog??bniej pozna? fascynuj?cy ?wiat hazardu online w Polsce.<\/p>\n<!-- Sekcja FAQ -->\n<h2 id=\"section6\">Najcz??ciej Zadawane Pytania<\/h2>\n<!-- Pytanie 1 -->\n<h3>Czy Nowe Polskie Kasyna Online S? Bezpieczne?<\/h3>\n<p>Tak, wi?kszo?? nowych kasyn online w Polsce dzia?a legalnie i stosuje najnowsze ?rodki bezpiecze?stwa, zapewniaj?ce ochron? danych osobowych i finansowych graczy.<\/p>\n<!-- Pytanie 2 -->\n<h3>Jakie Gry S? Najbardziej Popularne W?r\u00f3d Polskich Graczy?<\/h3>\n<p>Najpopularniejsze gry to r\u00f3?norodne automaty do gier, gry karciane, takie jak poker czy blackjack, a tak?e nowoczesne wersje klasycznych gier sto?owych.<\/p>\n<!-- Pytanie 3 -->\n<h3>Czy Gry VR S? Dost?pne w Polskich Kasynach Online?<\/h3>\n<p>Tak, niekt\u00f3re nowe kasyna online w Polsce oferuj? gry wykorzystuj?ce technologi? rzeczywisto?ci wirtualnej, dostarczaj?c graczom bardziej immersywnych do?wiadcze?.<\/p>\n","protected":false},"excerpt":{"rendered":"<p>Witajcie w ekscytuj?cym ?wiecie kasyn internetowych w Polsce! Jako osoba, kt\u00f3ra zag??bi?a si? w emocje zwi?zane z grami online, rozumiem, jak istotn? rol? odgrywaj? tw\u00f3rcy gier w kszta?towaniu do?wiadcze? zwi?zanych z grami. W tym artykule zg??bimy umys?y innowacyjnych tw\u00f3rc\u00f3w stoj?cych za grami na nowo powstaj?cej scenie nowych kasyn w Polsce. Od wci?gaj?cej grafiki po nowatorski [&hellip;]<\/p>\n","protected":false},"author":87,"featured_media":0,"parent":0,"menu_order":0,"comment_status":"closed","ping_status":"closed","template":"","meta":{"_acf_changed":false,"footnotes":""},"class_list":["post-764","page","type-page","status-publish","hentry"],"acf":[],"yoast_head":"<!-- This site is optimized with the Yoast SEO plugin v27.5 - https:\/\/yoast.com\/product\/yoast-seo-wordpress\/ -->\n<title>Odkryj \u015awiat Tw\u00f3rc\u00f3w Gier w Nowych Kasynach Online PL<\/title>\n<meta name=\"description\" content=\"Rozwijaj\u0105cy si\u0119 krajobraz nowych kasyn online w Polsce \u2013 poznaj kluczowych tw\u00f3rc\u00f3w gier, innowacje i przysz\u0142o\u015b\u0107 hazardu.\" \/>\n<meta name=\"robots\" content=\"index, follow, max-snippet:-1, max-image-preview:large, max-video-preview:-1\" \/>\n<link rel=\"canonical\" href=\"https:\/\/www.emagister.fr\/blog\/nowe-kasyna-w-polsce\/\" \/>\n<meta property=\"og:locale\" content=\"fr_FR\" \/>\n<meta property=\"og:type\" content=\"article\" \/>\n<meta property=\"og:title\" content=\"Odkryj \u015awiat Tw\u00f3rc\u00f3w Gier w Nowych Kasynach Online PL\" \/>\n<meta property=\"og:description\" content=\"Rozwijaj\u0105cy si\u0119 krajobraz nowych kasyn online w Polsce \u2013 poznaj kluczowych tw\u00f3rc\u00f3w gier, innowacje i przysz\u0142o\u015b\u0107 hazardu.\" \/>\n<meta property=\"og:url\" content=\"https:\/\/www.emagister.fr\/blog\/nowe-kasyna-w-polsce\/\" \/>\n<meta property=\"og:site_name\" content=\"Emagister Guide\" \/>\n<meta property=\"article:modified_time\" content=\"2024-01-05T10:01:20+00:00\" \/>\n<meta property=\"og:image\" content=\"https:\/\/www.emagister.fr\/blog\/wp-content\/uploads\/2024\/01\/cube-568190_1280.jpg\" \/>\n<meta name=\"twitter:card\" content=\"summary_large_image\" \/>\n<meta name=\"twitter:label1\" content=\"Dur\u00e9e de lecture estim\u00e9e\" \/>\n\t<meta name=\"twitter:data1\" content=\"4 minutes\" \/>\n<script type=\"application\/ld+json\" class=\"yoast-schema-graph\">{\"@context\":\"https:\\\/\\\/schema.org\",\"@graph\":[{\"@type\":\"WebPage\",\"@id\":\"https:\\\/\\\/www.emagister.fr\\\/blog\\\/nowe-kasyna-w-polsce\\\/\",\"url\":\"https:\\\/\\\/www.emagister.fr\\\/blog\\\/nowe-kasyna-w-polsce\\\/\",\"name\":\"Odkryj \u015awiat Tw\u00f3rc\u00f3w Gier w Nowych Kasynach Online PL\",\"isPartOf\":{\"@id\":\"https:\\\/\\\/www.emagister.fr\\\/blog\\\/#website\"},\"primaryImageOfPage\":{\"@id\":\"https:\\\/\\\/www.emagister.fr\\\/blog\\\/nowe-kasyna-w-polsce\\\/#primaryimage\"},\"image\":{\"@id\":\"https:\\\/\\\/www.emagister.fr\\\/blog\\\/nowe-kasyna-w-polsce\\\/#primaryimage\"},\"thumbnailUrl\":\"https:\\\/\\\/www.emagister.fr\\\/blog\\\/wp-content\\\/uploads\\\/2024\\\/01\\\/cube-568190_1280.jpg\",\"datePublished\":\"2023-11-17T04:30:52+00:00\",\"dateModified\":\"2024-01-05T10:01:20+00:00\",\"description\":\"Rozwijaj\u0105cy si\u0119 krajobraz nowych kasyn online w Polsce \u2013 poznaj kluczowych tw\u00f3rc\u00f3w gier, innowacje i przysz\u0142o\u015b\u0107 hazardu.\",\"breadcrumb\":{\"@id\":\"https:\\\/\\\/www.emagister.fr\\\/blog\\\/nowe-kasyna-w-polsce\\\/#breadcrumb\"},\"inLanguage\":\"fr-FR\",\"potentialAction\":[{\"@type\":\"ReadAction\",\"target\":[\"https:\\\/\\\/www.emagister.fr\\\/blog\\\/nowe-kasyna-w-polsce\\\/\"]}]},{\"@type\":\"ImageObject\",\"inLanguage\":\"fr-FR\",\"@id\":\"https:\\\/\\\/www.emagister.fr\\\/blog\\\/nowe-kasyna-w-polsce\\\/#primaryimage\",\"url\":\"https:\\\/\\\/www.emagister.fr\\\/blog\\\/wp-content\\\/uploads\\\/2024\\\/01\\\/cube-568190_1280.jpg\",\"contentUrl\":\"https:\\\/\\\/www.emagister.fr\\\/blog\\\/wp-content\\\/uploads\\\/2024\\\/01\\\/cube-568190_1280.jpg\",\"width\":1280,\"height\":853},{\"@type\":\"BreadcrumbList\",\"@id\":\"https:\\\/\\\/www.emagister.fr\\\/blog\\\/nowe-kasyna-w-polsce\\\/#breadcrumb\",\"itemListElement\":[{\"@type\":\"ListItem\",\"position\":1,\"name\":\"\ue821\",\"item\":\"https:\\\/\\\/www.emagister.fr\\\/blog\\\/\"},{\"@type\":\"ListItem\",\"position\":2,\"name\":\"Tw\u00f3rcy Gier w Nowych Kasynach w Polsce\"}]},{\"@type\":\"WebSite\",\"@id\":\"https:\\\/\\\/www.emagister.fr\\\/blog\\\/#website\",\"url\":\"https:\\\/\\\/www.emagister.fr\\\/blog\\\/\",\"name\":\"Emagister Guide\",\"description\":\"Orientations sur les \u00e9tudes et les tendances de la formation\",\"potentialAction\":[{\"@type\":\"SearchAction\",\"target\":{\"@type\":\"EntryPoint\",\"urlTemplate\":\"https:\\\/\\\/www.emagister.fr\\\/blog\\\/?s={search_term_string}\"},\"query-input\":{\"@type\":\"PropertyValueSpecification\",\"valueRequired\":true,\"valueName\":\"search_term_string\"}}],\"inLanguage\":\"fr-FR\"}]}<\/script>\n<!-- \/ Yoast SEO plugin. -->","yoast_head_json":{"title":"Odkryj \u015awiat Tw\u00f3rc\u00f3w Gier w Nowych Kasynach Online PL","description":"Rozwijaj\u0105cy si\u0119 krajobraz nowych kasyn online w Polsce \u2013 poznaj kluczowych tw\u00f3rc\u00f3w gier, innowacje i przysz\u0142o\u015b\u0107 hazardu.","robots":{"index":"index","follow":"follow","max-snippet":"max-snippet:-1","max-image-preview":"max-image-preview:large","max-video-preview":"max-video-preview:-1"},"canonical":"https:\/\/www.emagister.fr\/blog\/nowe-kasyna-w-polsce\/","og_locale":"fr_FR","og_type":"article","og_title":"Odkryj \u015awiat Tw\u00f3rc\u00f3w Gier w Nowych Kasynach Online PL","og_description":"Rozwijaj\u0105cy si\u0119 krajobraz nowych kasyn online w Polsce \u2013 poznaj kluczowych tw\u00f3rc\u00f3w gier, innowacje i przysz\u0142o\u015b\u0107 hazardu.","og_url":"https:\/\/www.emagister.fr\/blog\/nowe-kasyna-w-polsce\/","og_site_name":"Emagister Guide","article_modified_time":"2024-01-05T10:01:20+00:00","og_image":[{"url":"https:\/\/www.emagister.fr\/blog\/wp-content\/uploads\/2024\/01\/cube-568190_1280.jpg","type":"","width":"","height":""}],"twitter_card":"summary_large_image","twitter_misc":{"Dur\u00e9e de lecture estim\u00e9e":"4 minutes"},"schema":{"@context":"https:\/\/schema.org","@graph":[{"@type":"WebPage","@id":"https:\/\/www.emagister.fr\/blog\/nowe-kasyna-w-polsce\/","url":"https:\/\/www.emagister.fr\/blog\/nowe-kasyna-w-polsce\/","name":"Odkryj \u015awiat Tw\u00f3rc\u00f3w Gier w Nowych Kasynach Online PL","isPartOf":{"@id":"https:\/\/www.emagister.fr\/blog\/#website"},"primaryImageOfPage":{"@id":"https:\/\/www.emagister.fr\/blog\/nowe-kasyna-w-polsce\/#primaryimage"},"image":{"@id":"https:\/\/www.emagister.fr\/blog\/nowe-kasyna-w-polsce\/#primaryimage"},"thumbnailUrl":"https:\/\/www.emagister.fr\/blog\/wp-content\/uploads\/2024\/01\/cube-568190_1280.jpg","datePublished":"2023-11-17T04:30:52+00:00","dateModified":"2024-01-05T10:01:20+00:00","description":"Rozwijaj\u0105cy si\u0119 krajobraz nowych kasyn online w Polsce \u2013 poznaj kluczowych tw\u00f3rc\u00f3w gier, innowacje i przysz\u0142o\u015b\u0107 hazardu.","breadcrumb":{"@id":"https:\/\/www.emagister.fr\/blog\/nowe-kasyna-w-polsce\/#breadcrumb"},"inLanguage":"fr-FR","potentialAction":[{"@type":"ReadAction","target":["https:\/\/www.emagister.fr\/blog\/nowe-kasyna-w-polsce\/"]}]},{"@type":"ImageObject","inLanguage":"fr-FR","@id":"https:\/\/www.emagister.fr\/blog\/nowe-kasyna-w-polsce\/#primaryimage","url":"https:\/\/www.emagister.fr\/blog\/wp-content\/uploads\/2024\/01\/cube-568190_1280.jpg","contentUrl":"https:\/\/www.emagister.fr\/blog\/wp-content\/uploads\/2024\/01\/cube-568190_1280.jpg","width":1280,"height":853},{"@type":"BreadcrumbList","@id":"https:\/\/www.emagister.fr\/blog\/nowe-kasyna-w-polsce\/#breadcrumb","itemListElement":[{"@type":"ListItem","position":1,"name":"\ue821","item":"https:\/\/www.emagister.fr\/blog\/"},{"@type":"ListItem","position":2,"name":"Tw\u00f3rcy Gier w Nowych Kasynach w Polsce"}]},{"@type":"WebSite","@id":"https:\/\/www.emagister.fr\/blog\/#website","url":"https:\/\/www.emagister.fr\/blog\/","name":"Emagister Guide","description":"Orientations sur les \u00e9tudes et les tendances de la formation","potentialAction":[{"@type":"SearchAction","target":{"@type":"EntryPoint","urlTemplate":"https:\/\/www.emagister.fr\/blog\/?s={search_term_string}"},"query-input":{"@type":"PropertyValueSpecification","valueRequired":true,"valueName":"search_term_string"}}],"inLanguage":"fr-FR"}]}},"_links":{"self":[{"href":"https:\/\/www.emagister.fr\/blog\/wp-json\/wp\/v2\/pages\/764","targetHints":{"allow":["GET"]}}],"collection":[{"href":"https:\/\/www.emagister.fr\/blog\/wp-json\/wp\/v2\/pages"}],"about":[{"href":"https:\/\/www.emagister.fr\/blog\/wp-json\/wp\/v2\/types\/page"}],"author":[{"embeddable":true,"href":"https:\/\/www.emagister.fr\/blog\/wp-json\/wp\/v2\/users\/87"}],"replies":[{"embeddable":true,"href":"https:\/\/www.emagister.fr\/blog\/wp-json\/wp\/v2\/comments?post=764"}],"version-history":[{"count":2,"href":"https:\/\/www.emagister.fr\/blog\/wp-json\/wp\/v2\/pages\/764\/revisions"}],"predecessor-version":[{"id":1718,"href":"https:\/\/www.emagister.fr\/blog\/wp-json\/wp\/v2\/pages\/764\/revisions\/1718"}],"wp:attachment":[{"href":"https:\/\/www.emagister.fr\/blog\/wp-json\/wp\/v2\/media?parent=764"}],"curies":[{"name":"wp","href":"https:\/\/api.w.org\/{rel}","templated":true}]}}